{"id":334,"date":"2024-09-10T10:12:24","date_gmt":"2024-09-10T08:12:24","guid":{"rendered":"https:\/\/padelmaster.io\/fi\/?page_id=334"},"modified":"2025-10-21T11:17:39","modified_gmt":"2025-10-21T09:17:39","slug":"loyda-lahin-padel-keskus","status":"publish","type":"page","link":"https:\/\/padelmaster.io\/fi\/loyda-lahin-padel-keskus\/","title":{"rendered":"L\u00f6yd\u00e4 l\u00e4hin padelkeskuksesi"},"content":{"rendered":"\t\t<div data-elementor-type=\"wp-page\" data-elementor-id=\"334\" class=\"elementor elementor-334\" data-elementor-post-type=\"page\">\n\t\t\t\t<div class=\"elementor-element elementor-element-b947687 e-flex e-con-boxed e-con e-parent\" data-id=\"b947687\" data-element_type=\"container\" data-settings=\"{&quot;background_background&quot;:&quot;classic&quot;}\">\n\t\t\t\t\t<div class=\"e-con-inner\">\n\t\t<div class=\"elementor-element elementor-element-ce7c0f6 e-con-full e-flex e-con e-child\" data-id=\"ce7c0f6\" data-element_type=\"container\">\n\t\t\t\t<div class=\"elementor-element elementor-element-69ffe43 elementor-widget elementor-widget-heading\" data-id=\"69ffe43\" data-element_type=\"widget\" data-widget_type=\"heading.default\">\n\t\t\t\t<div class=\"elementor-widget-container\">\n\t\t\t\t\t<h1 class=\"elementor-heading-title elementor-size-default\">L\u00f6yd\u00e4 l\u00e4hin padelkeskuksesi<\/h1>\t\t\t\t<\/div>\n\t\t\t\t<\/div>\n\t\t\t\t<div class=\"elementor-element elementor-element-e9d6ca9 elementor-widget elementor-widget-text-editor\" data-id=\"e9d6ca9\" data-element_type=\"widget\" data-widget_type=\"text-editor.default\">\n\t\t\t\t<div class=\"elementor-widget-container\">\n\t\t\t\t\t\t\t\t\t<p>T\u00e4lt\u00e4 sivulta l\u00f6yd\u00e4t padelkeskukset, jotka tarjoavat Padelmasteria.<\/p>\t\t\t\t\t\t\t\t<\/div>\n\t\t\t\t<\/div>\n\t\t\t\t<\/div>\n\t\t<div class=\"elementor-element elementor-element-dc9f1eb e-con-full e-flex e-con e-child\" data-id=\"dc9f1eb\" data-element_type=\"container\">\n\t\t\t\t<div class=\"elementor-element elementor-element-5796c2c elementor-widget elementor-widget-image\" data-id=\"5796c2c\" data-element_type=\"widget\" data-widget_type=\"image.default\">\n\t\t\t\t<div class=\"elementor-widget-container\">\n\t\t\t\t\t\t\t\t\t\t\t\t\t\t\t<img fetchpriority=\"high\" decoding=\"async\" width=\"800\" height=\"450\" src=\"https:\/\/padelmaster.io\/fi\/wp-content\/uploads\/sites\/7\/DSC00832-Redigera-scaled-1-1024x576.jpg\" class=\"attachment-large size-large wp-image-335\" alt=\"\" srcset=\"https:\/\/padelmaster.io\/fi\/wp-content\/uploads\/sites\/7\/DSC00832-Redigera-scaled-1-1024x576.jpg 1024w, https:\/\/padelmaster.io\/fi\/wp-content\/uploads\/sites\/7\/DSC00832-Redigera-scaled-1-300x169.jpg 300w, https:\/\/padelmaster.io\/fi\/wp-content\/uploads\/sites\/7\/DSC00832-Redigera-scaled-1-768x432.jpg 768w, https:\/\/padelmaster.io\/fi\/wp-content\/uploads\/sites\/7\/DSC00832-Redigera-scaled-1-1536x864.jpg 1536w, https:\/\/padelmaster.io\/fi\/wp-content\/uploads\/sites\/7\/DSC00832-Redigera-scaled-1-2048x1152.jpg 2048w\" sizes=\"(max-width: 800px) 100vw, 800px\" \/>\t\t\t\t\t\t\t\t\t\t\t\t\t\t\t<\/div>\n\t\t\t\t<\/div>\n\t\t\t\t<\/div>\n\t\t\t\t\t<\/div>\n\t\t\t\t<\/div>\n\t\t<div class=\"elementor-element elementor-element-f1c266d e-flex e-con-boxed e-con e-parent\" data-id=\"f1c266d\" data-element_type=\"container\">\n\t\t\t\t\t<div class=\"e-con-inner\">\n\t\t<div class=\"elementor-element elementor-element-c3836bf e-con-full e-flex e-con e-child\" data-id=\"c3836bf\" data-element_type=\"container\">\n\t\t\t\t<div class=\"elementor-element elementor-element-97d68d4 elementor-widget elementor-widget-heading\" data-id=\"97d68d4\" data-element_type=\"widget\" data-widget_type=\"heading.default\">\n\t\t\t\t<div class=\"elementor-widget-container\">\n\t\t\t\t\t<h2 class=\"elementor-heading-title elementor-size-default\">Sweden<\/h2>\t\t\t\t<\/div>\n\t\t\t\t<\/div>\n\t\t\t\t<div class=\"elementor-element elementor-element-cf683f3 elementor-widget elementor-widget-toggle\" data-id=\"cf683f3\" data-element_type=\"widget\" data-widget_type=\"toggle.default\">\n\t\t\t\t<div class=\"elementor-widget-container\">\n\t\t\t\t\t\t\t<div class=\"elementor-toggle\">\n\t\t\t\t\t\t\t<div class=\"elementor-toggle-item\">\n\t\t\t\t\t<div id=\"elementor-tab-title-2171\" class=\"elementor-tab-title\" data-tab=\"1\" role=\"button\" aria-controls=\"elementor-tab-content-2171\" aria-expanded=\"false\">\n\t\t\t\t\t\t\t\t\t\t\t\t<span class=\"elementor-toggle-icon elementor-toggle-icon-left\" aria-hidden=\"true\">\n\t\t\t\t\t\t\t\t\t\t\t\t\t\t\t<span class=\"elementor-toggle-icon-closed\"><svg class=\"e-font-icon-svg e-fas-caret-down\" viewBox=\"0 0 320 512\" xmlns=\"http:\/\/www.w3.org\/2000\/svg\"><path d=\"M31.3 192h257.3c17.8 0 26.7 21.5 14.1 34.1L174.1 354.8c-7.8 7.8-20.5 7.8-28.3 0L17.2 226.1C4.6 213.5 13.5 192 31.3 192z\"><\/path><\/svg><\/span>\n\t\t\t\t\t\t\t\t<span class=\"elementor-toggle-icon-opened\"><svg class=\"elementor-toggle-icon-opened e-font-icon-svg e-fas-caret-up\" viewBox=\"0 0 320 512\" xmlns=\"http:\/\/www.w3.org\/2000\/svg\"><path d=\"M288.662 352H31.338c-17.818 0-26.741-21.543-14.142-34.142l128.662-128.662c7.81-7.81 20.474-7.81 28.284 0l128.662 128.662c12.6 12.599 3.676 34.142-14.142 34.142z\"><\/path><\/svg><\/span>\n\t\t\t\t\t\t\t\t\t\t\t\t\t<\/span>\n\t\t\t\t\t\t\t\t\t\t\t\t<a class=\"elementor-toggle-title\" tabindex=\"0\">Stockholm<\/a>\n\t\t\t\t\t<\/div>\n\n\t\t\t\t\t<div id=\"elementor-tab-content-2171\" class=\"elementor-tab-content elementor-clearfix\" data-tab=\"1\" role=\"region\" aria-labelledby=\"elementor-tab-title-2171\"><p>Solna Padel Club<br \/>Rejoice<br \/>Vista padel<br \/>Luni Padel<br \/>Padelverket Haninge<br \/>Every Padel Kista<\/p><\/div>\n\t\t\t\t<\/div>\n\t\t\t\t\t\t\t<div class=\"elementor-toggle-item\">\n\t\t\t\t\t<div id=\"elementor-tab-title-2172\" class=\"elementor-tab-title\" data-tab=\"2\" role=\"button\" aria-controls=\"elementor-tab-content-2172\" aria-expanded=\"false\">\n\t\t\t\t\t\t\t\t\t\t\t\t<span class=\"elementor-toggle-icon elementor-toggle-icon-left\" aria-hidden=\"true\">\n\t\t\t\t\t\t\t\t\t\t\t\t\t\t\t<span class=\"elementor-toggle-icon-closed\"><svg class=\"e-font-icon-svg e-fas-caret-down\" viewBox=\"0 0 320 512\" xmlns=\"http:\/\/www.w3.org\/2000\/svg\"><path d=\"M31.3 192h257.3c17.8 0 26.7 21.5 14.1 34.1L174.1 354.8c-7.8 7.8-20.5 7.8-28.3 0L17.2 226.1C4.6 213.5 13.5 192 31.3 192z\"><\/path><\/svg><\/span>\n\t\t\t\t\t\t\t\t<span class=\"elementor-toggle-icon-opened\"><svg class=\"elementor-toggle-icon-opened e-font-icon-svg e-fas-caret-up\" viewBox=\"0 0 320 512\" xmlns=\"http:\/\/www.w3.org\/2000\/svg\"><path d=\"M288.662 352H31.338c-17.818 0-26.741-21.543-14.142-34.142l128.662-128.662c7.81-7.81 20.474-7.81 28.284 0l128.662 128.662c12.6 12.599 3.676 34.142-14.142 34.142z\"><\/path><\/svg><\/span>\n\t\t\t\t\t\t\t\t\t\t\t\t\t<\/span>\n\t\t\t\t\t\t\t\t\t\t\t\t<a class=\"elementor-toggle-title\" tabindex=\"0\">Gothenburg<\/a>\n\t\t\t\t\t<\/div>\n\n\t\t\t\t\t<div id=\"elementor-tab-content-2172\" class=\"elementor-tab-content elementor-clearfix\" data-tab=\"2\" role=\"region\" aria-labelledby=\"elementor-tab-title-2172\"><p>Bon Padel<br \/>Oh Padel<\/p><\/div>\n\t\t\t\t<\/div>\n\t\t\t\t\t\t\t<div class=\"elementor-toggle-item\">\n\t\t\t\t\t<div id=\"elementor-tab-title-2173\" class=\"elementor-tab-title\" data-tab=\"3\" role=\"button\" aria-controls=\"elementor-tab-content-2173\" aria-expanded=\"false\">\n\t\t\t\t\t\t\t\t\t\t\t\t<span class=\"elementor-toggle-icon elementor-toggle-icon-left\" aria-hidden=\"true\">\n\t\t\t\t\t\t\t\t\t\t\t\t\t\t\t<span class=\"elementor-toggle-icon-closed\"><svg class=\"e-font-icon-svg e-fas-caret-down\" viewBox=\"0 0 320 512\" xmlns=\"http:\/\/www.w3.org\/2000\/svg\"><path d=\"M31.3 192h257.3c17.8 0 26.7 21.5 14.1 34.1L174.1 354.8c-7.8 7.8-20.5 7.8-28.3 0L17.2 226.1C4.6 213.5 13.5 192 31.3 192z\"><\/path><\/svg><\/span>\n\t\t\t\t\t\t\t\t<span class=\"elementor-toggle-icon-opened\"><svg class=\"elementor-toggle-icon-opened e-font-icon-svg e-fas-caret-up\" viewBox=\"0 0 320 512\" xmlns=\"http:\/\/www.w3.org\/2000\/svg\"><path d=\"M288.662 352H31.338c-17.818 0-26.741-21.543-14.142-34.142l128.662-128.662c7.81-7.81 20.474-7.81 28.284 0l128.662 128.662c12.6 12.599 3.676 34.142-14.142 34.142z\"><\/path><\/svg><\/span>\n\t\t\t\t\t\t\t\t\t\t\t\t\t<\/span>\n\t\t\t\t\t\t\t\t\t\t\t\t<a class=\"elementor-toggle-title\" tabindex=\"0\">Malm\u00f6\/Helsingborg (Southern Sweden)<\/a>\n\t\t\t\t\t<\/div>\n\n\t\t\t\t\t<div id=\"elementor-tab-content-2173\" class=\"elementor-tab-content elementor-clearfix\" data-tab=\"3\" role=\"region\" aria-labelledby=\"elementor-tab-title-2173\"><p>Helsingborgs Racketclub (Raml\u00f6sa)<br \/>Bj\u00e4rred Padel<\/p><\/div>\n\t\t\t\t<\/div>\n\t\t\t\t\t\t\t<div class=\"elementor-toggle-item\">\n\t\t\t\t\t<div id=\"elementor-tab-title-2174\" class=\"elementor-tab-title\" data-tab=\"4\" role=\"button\" aria-controls=\"elementor-tab-content-2174\" aria-expanded=\"false\">\n\t\t\t\t\t\t\t\t\t\t\t\t<span class=\"elementor-toggle-icon elementor-toggle-icon-left\" aria-hidden=\"true\">\n\t\t\t\t\t\t\t\t\t\t\t\t\t\t\t<span class=\"elementor-toggle-icon-closed\"><svg class=\"e-font-icon-svg e-fas-caret-down\" viewBox=\"0 0 320 512\" xmlns=\"http:\/\/www.w3.org\/2000\/svg\"><path d=\"M31.3 192h257.3c17.8 0 26.7 21.5 14.1 34.1L174.1 354.8c-7.8 7.8-20.5 7.8-28.3 0L17.2 226.1C4.6 213.5 13.5 192 31.3 192z\"><\/path><\/svg><\/span>\n\t\t\t\t\t\t\t\t<span class=\"elementor-toggle-icon-opened\"><svg class=\"elementor-toggle-icon-opened e-font-icon-svg e-fas-caret-up\" viewBox=\"0 0 320 512\" xmlns=\"http:\/\/www.w3.org\/2000\/svg\"><path d=\"M288.662 352H31.338c-17.818 0-26.741-21.543-14.142-34.142l128.662-128.662c7.81-7.81 20.474-7.81 28.284 0l128.662 128.662c12.6 12.599 3.676 34.142-14.142 34.142z\"><\/path><\/svg><\/span>\n\t\t\t\t\t\t\t\t\t\t\t\t\t<\/span>\n\t\t\t\t\t\t\t\t\t\t\t\t<a class=\"elementor-toggle-title\" tabindex=\"0\">Uppsala<\/a>\n\t\t\t\t\t<\/div>\n\n\t\t\t\t\t<div id=\"elementor-tab-content-2174\" class=\"elementor-tab-content elementor-clearfix\" data-tab=\"4\" role=\"region\" aria-labelledby=\"elementor-tab-title-2174\"><p>Libro Padel<br \/>UTK<\/p><\/div>\n\t\t\t\t<\/div>\n\t\t\t\t\t\t\t<div class=\"elementor-toggle-item\">\n\t\t\t\t\t<div id=\"elementor-tab-title-2175\" class=\"elementor-tab-title\" data-tab=\"5\" role=\"button\" aria-controls=\"elementor-tab-content-2175\" aria-expanded=\"false\">\n\t\t\t\t\t\t\t\t\t\t\t\t<span class=\"elementor-toggle-icon elementor-toggle-icon-left\" aria-hidden=\"true\">\n\t\t\t\t\t\t\t\t\t\t\t\t\t\t\t<span class=\"elementor-toggle-icon-closed\"><svg class=\"e-font-icon-svg e-fas-caret-down\" viewBox=\"0 0 320 512\" xmlns=\"http:\/\/www.w3.org\/2000\/svg\"><path d=\"M31.3 192h257.3c17.8 0 26.7 21.5 14.1 34.1L174.1 354.8c-7.8 7.8-20.5 7.8-28.3 0L17.2 226.1C4.6 213.5 13.5 192 31.3 192z\"><\/path><\/svg><\/span>\n\t\t\t\t\t\t\t\t<span class=\"elementor-toggle-icon-opened\"><svg class=\"elementor-toggle-icon-opened e-font-icon-svg e-fas-caret-up\" viewBox=\"0 0 320 512\" xmlns=\"http:\/\/www.w3.org\/2000\/svg\"><path d=\"M288.662 352H31.338c-17.818 0-26.741-21.543-14.142-34.142l128.662-128.662c7.81-7.81 20.474-7.81 28.284 0l128.662 128.662c12.6 12.599 3.676 34.142-14.142 34.142z\"><\/path><\/svg><\/span>\n\t\t\t\t\t\t\t\t\t\t\t\t\t<\/span>\n\t\t\t\t\t\t\t\t\t\t\t\t<a class=\"elementor-toggle-title\" tabindex=\"0\">Rest of Sweden<\/a>\n\t\t\t\t\t<\/div>\n\n\t\t\t\t\t<div id=\"elementor-tab-content-2175\" class=\"elementor-tab-content elementor-clearfix\" data-tab=\"5\" role=\"region\" aria-labelledby=\"elementor-tab-title-2175\"><p>Eksj\u00f6 Padel<br \/>J\u00e4rvs\u00f6 Padel<br \/>Peking Padel (Norrk\u00f6ping)<br \/>Hedemora Padel<br \/>Freimans Padel (Ockelbo)<br \/>Borl\u00e4nge Padel center<\/p><\/div>\n\t\t\t\t<\/div>\n\t\t\t\t\t\t\t\t<\/div>\n\t\t\t\t\t\t<\/div>\n\t\t\t\t<\/div>\n\t\t\t\t<\/div>\n\t\t\t\t\t<\/div>\n\t\t\t\t<\/div>\n\t\t\t\t<\/div>\n\t\t","protected":false},"excerpt":{"rendered":"<p>L\u00f6yd\u00e4 l\u00e4hin padelkeskuksesi T\u00e4lt\u00e4 sivulta l\u00f6yd\u00e4t padelkeskukset, jotka tarjoavat Padelmasteria. Sweden Stockholm Solna Padel ClubRejoiceVista padelLuni PadelPadelverket HaningeEvery Padel Kista Gothenburg Bon PadelOh Padel Malm\u00f6\/Helsingborg (Southern Sweden) Helsingborgs Racketclub (Raml\u00f6sa)Bj\u00e4rred Padel Uppsala Libro PadelUTK Rest of Sweden Eksj\u00f6 PadelJ\u00e4rvs\u00f6 PadelPeking Padel (Norrk\u00f6ping)Hedemora PadelFreimans Padel (Ockelbo)Borl\u00e4nge Padel center<\/p>\n","protected":false},"author":1,"featured_media":0,"parent":0,"menu_order":0,"comment_status":"closed","ping_status":"closed","template":"","meta":{"_acf_changed":false,"footnotes":""},"class_list":["post-334","page","type-page","status-publish","hentry"],"acf":[],"yoast_head":"<!-- This site is optimized with the Yoast SEO plugin v24.0 - https:\/\/yoast.com\/wordpress\/plugins\/seo\/ -->\n<title>L\u00f6yd\u00e4 l\u00e4hin padelkeskuksesi - Padelmaster Suomi<\/title>\n<meta name=\"robots\" content=\"noindex, follow, max-snippet:-1, max-image-preview:large, max-video-preview:-1\" \/>\n<meta property=\"og:locale\" content=\"fi_FI\" \/>\n<meta property=\"og:type\" content=\"article\" \/>\n<meta property=\"og:title\" content=\"L\u00f6yd\u00e4 l\u00e4hin padelkeskuksesi - Padelmaster Suomi\" \/>\n<meta property=\"og:description\" content=\"L\u00f6yd\u00e4 l\u00e4hin padelkeskuksesi T\u00e4lt\u00e4 sivulta l\u00f6yd\u00e4t padelkeskukset, jotka tarjoavat Padelmasteria. Sweden Stockholm Solna Padel ClubRejoiceVista padelLuni PadelPadelverket HaningeEvery Padel Kista Gothenburg Bon PadelOh Padel Malm\u00f6\/Helsingborg (Southern Sweden) Helsingborgs Racketclub (Raml\u00f6sa)Bj\u00e4rred Padel Uppsala Libro PadelUTK Rest of Sweden Eksj\u00f6 PadelJ\u00e4rvs\u00f6 PadelPeking Padel (Norrk\u00f6ping)Hedemora PadelFreimans Padel (Ockelbo)Borl\u00e4nge Padel center\" \/>\n<meta property=\"og:url\" content=\"https:\/\/padelmaster.io\/fi\/loyda-lahin-padel-keskus\/\" \/>\n<meta property=\"og:site_name\" content=\"Padelmaster Suomi\" \/>\n<meta property=\"article:modified_time\" content=\"2025-10-21T09:17:39+00:00\" \/>\n<meta property=\"og:image\" content=\"https:\/\/padelmaster.io\/fi\/wp-content\/uploads\/sites\/7\/DSC00832-Redigera-scaled-1.jpg\" \/>\n\t<meta property=\"og:image:width\" content=\"2560\" \/>\n\t<meta property=\"og:image:height\" content=\"1440\" \/>\n\t<meta property=\"og:image:type\" content=\"image\/jpeg\" \/>\n<meta name=\"twitter:card\" content=\"summary_large_image\" \/>\n<meta name=\"twitter:label1\" content=\"Est. reading time\" \/>\n\t<meta name=\"twitter:data1\" content=\"1 minuutti\" \/>\n<script type=\"application\/ld+json\" class=\"yoast-schema-graph\">{\"@context\":\"https:\/\/schema.org\",\"@graph\":[{\"@type\":\"WebPage\",\"@id\":\"https:\/\/padelmaster.io\/fi\/loyda-lahin-padel-keskus\/\",\"url\":\"https:\/\/padelmaster.io\/fi\/loyda-lahin-padel-keskus\/\",\"name\":\"L\u00f6yd\u00e4 l\u00e4hin padelkeskuksesi - Padelmaster Suomi\",\"isPartOf\":{\"@id\":\"https:\/\/padelmaster.io\/fi\/#website\"},\"primaryImageOfPage\":{\"@id\":\"https:\/\/padelmaster.io\/fi\/loyda-lahin-padel-keskus\/#primaryimage\"},\"image\":{\"@id\":\"https:\/\/padelmaster.io\/fi\/loyda-lahin-padel-keskus\/#primaryimage\"},\"thumbnailUrl\":\"https:\/\/padelmaster.io\/fi\/wp-content\/uploads\/sites\/7\/DSC00832-Redigera-scaled-1-1024x576.jpg\",\"datePublished\":\"2024-09-10T08:12:24+00:00\",\"dateModified\":\"2025-10-21T09:17:39+00:00\",\"breadcrumb\":{\"@id\":\"https:\/\/padelmaster.io\/fi\/loyda-lahin-padel-keskus\/#breadcrumb\"},\"inLanguage\":\"fi\",\"potentialAction\":[{\"@type\":\"ReadAction\",\"target\":[\"https:\/\/padelmaster.io\/fi\/loyda-lahin-padel-keskus\/\"]}]},{\"@type\":\"ImageObject\",\"inLanguage\":\"fi\",\"@id\":\"https:\/\/padelmaster.io\/fi\/loyda-lahin-padel-keskus\/#primaryimage\",\"url\":\"https:\/\/padelmaster.io\/fi\/wp-content\/uploads\/sites\/7\/DSC00832-Redigera-scaled-1.jpg\",\"contentUrl\":\"https:\/\/padelmaster.io\/fi\/wp-content\/uploads\/sites\/7\/DSC00832-Redigera-scaled-1.jpg\",\"width\":2560,\"height\":1440},{\"@type\":\"BreadcrumbList\",\"@id\":\"https:\/\/padelmaster.io\/fi\/loyda-lahin-padel-keskus\/#breadcrumb\",\"itemListElement\":[{\"@type\":\"ListItem\",\"position\":1,\"name\":\"Hem\",\"item\":\"https:\/\/padelmaster.io\/fi\/\"},{\"@type\":\"ListItem\",\"position\":2,\"name\":\"L\u00f6yd\u00e4 l\u00e4hin padelkeskuksesi\"}]},{\"@type\":\"WebSite\",\"@id\":\"https:\/\/padelmaster.io\/fi\/#website\",\"url\":\"https:\/\/padelmaster.io\/fi\/\",\"name\":\"Padelmaster Suomi\",\"description\":\"\",\"potentialAction\":[{\"@type\":\"SearchAction\",\"target\":{\"@type\":\"EntryPoint\",\"urlTemplate\":\"https:\/\/padelmaster.io\/fi\/?s={search_term_string}\"},\"query-input\":{\"@type\":\"PropertyValueSpecification\",\"valueRequired\":true,\"valueName\":\"search_term_string\"}}],\"inLanguage\":\"fi\"}]}<\/script>\n<!-- \/ Yoast SEO plugin. -->","yoast_head_json":{"title":"L\u00f6yd\u00e4 l\u00e4hin padelkeskuksesi - Padelmaster Suomi","robots":{"index":"noindex","follow":"follow","max-snippet":"max-snippet:-1","max-image-preview":"max-image-preview:large","max-video-preview":"max-video-preview:-1"},"og_locale":"fi_FI","og_type":"article","og_title":"L\u00f6yd\u00e4 l\u00e4hin padelkeskuksesi - Padelmaster Suomi","og_description":"L\u00f6yd\u00e4 l\u00e4hin padelkeskuksesi T\u00e4lt\u00e4 sivulta l\u00f6yd\u00e4t padelkeskukset, jotka tarjoavat Padelmasteria. Sweden Stockholm Solna Padel ClubRejoiceVista padelLuni PadelPadelverket HaningeEvery Padel Kista Gothenburg Bon PadelOh Padel Malm\u00f6\/Helsingborg (Southern Sweden) Helsingborgs Racketclub (Raml\u00f6sa)Bj\u00e4rred Padel Uppsala Libro PadelUTK Rest of Sweden Eksj\u00f6 PadelJ\u00e4rvs\u00f6 PadelPeking Padel (Norrk\u00f6ping)Hedemora PadelFreimans Padel (Ockelbo)Borl\u00e4nge Padel center","og_url":"https:\/\/padelmaster.io\/fi\/loyda-lahin-padel-keskus\/","og_site_name":"Padelmaster Suomi","article_modified_time":"2025-10-21T09:17:39+00:00","og_image":[{"width":2560,"height":1440,"url":"https:\/\/padelmaster.io\/fi\/wp-content\/uploads\/sites\/7\/DSC00832-Redigera-scaled-1.jpg","type":"image\/jpeg"}],"twitter_card":"summary_large_image","twitter_misc":{"Est. reading time":"1 minuutti"},"schema":{"@context":"https:\/\/schema.org","@graph":[{"@type":"WebPage","@id":"https:\/\/padelmaster.io\/fi\/loyda-lahin-padel-keskus\/","url":"https:\/\/padelmaster.io\/fi\/loyda-lahin-padel-keskus\/","name":"L\u00f6yd\u00e4 l\u00e4hin padelkeskuksesi - Padelmaster Suomi","isPartOf":{"@id":"https:\/\/padelmaster.io\/fi\/#website"},"primaryImageOfPage":{"@id":"https:\/\/padelmaster.io\/fi\/loyda-lahin-padel-keskus\/#primaryimage"},"image":{"@id":"https:\/\/padelmaster.io\/fi\/loyda-lahin-padel-keskus\/#primaryimage"},"thumbnailUrl":"https:\/\/padelmaster.io\/fi\/wp-content\/uploads\/sites\/7\/DSC00832-Redigera-scaled-1-1024x576.jpg","datePublished":"2024-09-10T08:12:24+00:00","dateModified":"2025-10-21T09:17:39+00:00","breadcrumb":{"@id":"https:\/\/padelmaster.io\/fi\/loyda-lahin-padel-keskus\/#breadcrumb"},"inLanguage":"fi","potentialAction":[{"@type":"ReadAction","target":["https:\/\/padelmaster.io\/fi\/loyda-lahin-padel-keskus\/"]}]},{"@type":"ImageObject","inLanguage":"fi","@id":"https:\/\/padelmaster.io\/fi\/loyda-lahin-padel-keskus\/#primaryimage","url":"https:\/\/padelmaster.io\/fi\/wp-content\/uploads\/sites\/7\/DSC00832-Redigera-scaled-1.jpg","contentUrl":"https:\/\/padelmaster.io\/fi\/wp-content\/uploads\/sites\/7\/DSC00832-Redigera-scaled-1.jpg","width":2560,"height":1440},{"@type":"BreadcrumbList","@id":"https:\/\/padelmaster.io\/fi\/loyda-lahin-padel-keskus\/#breadcrumb","itemListElement":[{"@type":"ListItem","position":1,"name":"Hem","item":"https:\/\/padelmaster.io\/fi\/"},{"@type":"ListItem","position":2,"name":"L\u00f6yd\u00e4 l\u00e4hin padelkeskuksesi"}]},{"@type":"WebSite","@id":"https:\/\/padelmaster.io\/fi\/#website","url":"https:\/\/padelmaster.io\/fi\/","name":"Padelmaster Suomi","description":"","potentialAction":[{"@type":"SearchAction","target":{"@type":"EntryPoint","urlTemplate":"https:\/\/padelmaster.io\/fi\/?s={search_term_string}"},"query-input":{"@type":"PropertyValueSpecification","valueRequired":true,"valueName":"search_term_string"}}],"inLanguage":"fi"}]}},"_links":{"self":[{"href":"https:\/\/padelmaster.io\/fi\/wp-json\/wp\/v2\/pages\/334","targetHints":{"allow":["GET"]}}],"collection":[{"href":"https:\/\/padelmaster.io\/fi\/wp-json\/wp\/v2\/pages"}],"about":[{"href":"https:\/\/padelmaster.io\/fi\/wp-json\/wp\/v2\/types\/page"}],"author":[{"embeddable":true,"href":"https:\/\/padelmaster.io\/fi\/wp-json\/wp\/v2\/users\/1"}],"replies":[{"embeddable":true,"href":"https:\/\/padelmaster.io\/fi\/wp-json\/wp\/v2\/comments?post=334"}],"version-history":[{"count":0,"href":"https:\/\/padelmaster.io\/fi\/wp-json\/wp\/v2\/pages\/334\/revisions"}],"wp:attachment":[{"href":"https:\/\/padelmaster.io\/fi\/wp-json\/wp\/v2\/media?parent=334"}],"curies":[{"name":"wp","href":"https:\/\/api.w.org\/{rel}","templated":true}]}}