{"id":179,"date":"2024-04-16T13:01:58","date_gmt":"2024-04-16T11:01:58","guid":{"rendered":"https:\/\/padelmaster.io\/dk\/?page_id=179"},"modified":"2025-01-14T12:43:46","modified_gmt":"2025-01-14T11:43:46","slug":"priser","status":"publish","type":"page","link":"https:\/\/padelmaster.io\/dk\/priser\/","title":{"rendered":"Priser"},"content":{"rendered":"\t\t<div data-elementor-type=\"wp-page\" data-elementor-id=\"179\" class=\"elementor elementor-179\" data-elementor-post-type=\"page\">\n\t\t\t\t<div class=\"elementor-element elementor-element-e6abbe1 e-flex e-con-boxed e-con e-parent\" data-id=\"e6abbe1\" data-element_type=\"container\" data-settings=\"{&quot;background_background&quot;:&quot;slideshow&quot;,&quot;background_slideshow_gallery&quot;:[{&quot;id&quot;:102,&quot;url&quot;:&quot;https:\\\/\\\/padelmaster.io\\\/en\\\/wp-content\\\/uploads\\\/padelmaster.jpg&quot;},{&quot;id&quot;:115,&quot;url&quot;:&quot;https:\\\/\\\/padelmaster.io\\\/en\\\/wp-content\\\/uploads\\\/p1.jpg&quot;}],&quot;background_slideshow_slide_duration&quot;:&quot;10000&quot;,&quot;background_slideshow_ken_burns&quot;:&quot;yes&quot;,&quot;background_slideshow_loop&quot;:&quot;yes&quot;,&quot;background_slideshow_slide_transition&quot;:&quot;fade&quot;,&quot;background_slideshow_transition_duration&quot;:500,&quot;background_slideshow_ken_burns_zoom_direction&quot;:&quot;in&quot;}\">\n\t\t\t\t\t<div class=\"e-con-inner\">\n\t\t<div class=\"elementor-element elementor-element-2c16656 e-con-full e-flex e-con e-child\" data-id=\"2c16656\" data-element_type=\"container\">\n\t\t\t\t<div class=\"elementor-element elementor-element-2a2491c elementor-widget elementor-widget-heading\" data-id=\"2a2491c\" data-element_type=\"widget\" data-widget_type=\"heading.default\">\n\t\t\t\t<div class=\"elementor-widget-container\">\n\t\t\t\t\t<h1 class=\"elementor-heading-title elementor-size-default\">K\u00f8be eller leje Padelmaster?<\/h1>\t\t\t\t<\/div>\n\t\t\t\t<\/div>\n\t\t\t\t<div class=\"elementor-element elementor-element-88bfcd1 elementor-widget elementor-widget-text-editor\" data-id=\"88bfcd1\" data-element_type=\"widget\" data-widget_type=\"text-editor.default\">\n\t\t\t\t<div class=\"elementor-widget-container\">\n\t\t\t\t\t\t\t\t\t<p>Hvis du repr\u00e6senterer et padelcenter, en klub eller en akademi, anbefaler vi at leje (k\u00f8be vores service) Padelmaster. Hvis du kun skal bruge maskinen til privat brug, anbefaler vi, at du k\u00f8ber Padelmaster.<\/p>\t\t\t\t\t\t\t\t<\/div>\n\t\t\t\t<\/div>\n\t\t\t\t<div class=\"elementor-element elementor-element-20d6643 elementor-align-center elementor-mobile-align-center elementor-widget__width-auto elementor-widget elementor-widget-button\" data-id=\"20d6643\" data-element_type=\"widget\" data-widget_type=\"button.default\">\n\t\t\t\t<div class=\"elementor-widget-container\">\n\t\t\t\t\t\t\t\t\t<div class=\"elementor-button-wrapper\">\n\t\t\t\t\t<a class=\"elementor-button elementor-button-link elementor-size-lg\" href=\"https:\/\/padelmaster.io\/dk\/kontakt\/\">\n\t\t\t\t\t\t<span class=\"elementor-button-content-wrapper\">\n\t\t\t\t\t\t\t\t\t<span class=\"elementor-button-text\">Kontakt os for mere information<\/span>\n\t\t\t\t\t<\/span>\n\t\t\t\t\t<\/a>\n\t\t\t\t<\/div>\n\t\t\t\t\t\t\t\t<\/div>\n\t\t\t\t<\/div>\n\t\t\t\t<\/div>\n\t\t\t\t\t<\/div>\n\t\t\t\t<\/div>\n\t\t<div class=\"elementor-element elementor-element-692de3a e-flex e-con-boxed e-con e-parent\" data-id=\"692de3a\" data-element_type=\"container\">\n\t\t\t\t\t<div class=\"e-con-inner\">\n\t\t<div class=\"elementor-element elementor-element-459d572 e-con-full e-flex e-con e-child\" data-id=\"459d572\" data-element_type=\"container\">\n\t\t\t\t<div class=\"elementor-element elementor-element-67c0fe9 elementor-widget elementor-widget-heading\" data-id=\"67c0fe9\" data-element_type=\"widget\" data-widget_type=\"heading.default\">\n\t\t\t\t<div class=\"elementor-widget-container\">\n\t\t\t\t\t<h2 class=\"elementor-heading-title elementor-size-default\">K\u00f8be eller leje?<\/h2>\t\t\t\t<\/div>\n\t\t\t\t<\/div>\n\t\t\t\t<div class=\"elementor-element elementor-element-a1ef0f0 elementor-widget elementor-widget-text-editor\" data-id=\"a1ef0f0\" data-element_type=\"widget\" data-widget_type=\"text-editor.default\">\n\t\t\t\t<div class=\"elementor-widget-container\">\n\t\t\t\t\t\t\t\t\t<p>Hvis du skal bruge Padelmaster til privat brug, anbefaler vi, at du k\u00f8ber maskinen. Hvis du er en tr\u00e6ner, der kun bruger maskiner i din tr\u00e6ning, har du mulighed for enten at k\u00f8be maskinen eller leje (k\u00f8be vores service) maskinen. Hvis du repr\u00e6senterer et padelcenter\/klub\/akademi, har du et stort behov for support og service, derfor b\u00f8r du leje (k\u00f8be vores service) Padelmaster.<\/p><p>Hvis du er i tvivl, s\u00e5 sp\u00f8rg os, og vi vil hj\u00e6lpe dig.<\/p>\t\t\t\t\t\t\t\t<\/div>\n\t\t\t\t<\/div>\n\t\t\t\t<\/div>\n\t\t<div class=\"elementor-element elementor-element-4dbe731 e-con-full e-flex e-con e-child\" data-id=\"4dbe731\" data-element_type=\"container\">\n\t\t\t\t<div class=\"elementor-element elementor-element-025c6df elementor-widget elementor-widget-image\" data-id=\"025c6df\" data-element_type=\"widget\" data-widget_type=\"image.default\">\n\t\t\t\t<div class=\"elementor-widget-container\">\n\t\t\t\t\t\t\t\t\t\t\t\t\t\t\t<img fetchpriority=\"high\" decoding=\"async\" width=\"700\" height=\"469\" src=\"https:\/\/padelmaster.io\/dk\/wp-content\/uploads\/sites\/5\/padelmaster.webp\" class=\"attachment-large size-large wp-image-282\" alt=\"\" srcset=\"https:\/\/padelmaster.io\/dk\/wp-content\/uploads\/sites\/5\/padelmaster.webp 700w, https:\/\/padelmaster.io\/dk\/wp-content\/uploads\/sites\/5\/padelmaster-300x201.webp 300w\" sizes=\"(max-width: 700px) 100vw, 700px\" \/>\t\t\t\t\t\t\t\t\t\t\t\t\t\t\t<\/div>\n\t\t\t\t<\/div>\n\t\t\t\t<\/div>\n\t\t\t\t\t<\/div>\n\t\t\t\t<\/div>\n\t\t\t\t<section class=\"elementor-section elementor-top-section elementor-element elementor-element-eb44a54 elementor-section-boxed elementor-section-height-default elementor-section-height-default\" data-id=\"eb44a54\" data-element_type=\"section\" data-settings=\"{&quot;background_background&quot;:&quot;classic&quot;}\">\n\t\t\t\t\t\t<div class=\"elementor-container elementor-column-gap-default\">\n\t\t\t\t\t<div class=\"elementor-column elementor-col-100 elementor-top-column elementor-element elementor-element-7ba5d96\" data-id=\"7ba5d96\" data-element_type=\"column\">\n\t\t\t<div class=\"elementor-widget-wrap elementor-element-populated\">\n\t\t\t\t\t\t<div class=\"elementor-element elementor-element-8808ec3 elementor-widget elementor-widget-heading\" data-id=\"8808ec3\" data-element_type=\"widget\" data-widget_type=\"heading.default\">\n\t\t\t\t<div class=\"elementor-widget-container\">\n\t\t\t\t\t<h2 class=\"elementor-heading-title elementor-size-default\">Priser<\/h2>\t\t\t\t<\/div>\n\t\t\t\t<\/div>\n\t\t\t\t<div class=\"elementor-element elementor-element-809486e elementor-widget elementor-widget-text-editor\" data-id=\"809486e\" data-element_type=\"widget\" data-widget_type=\"text-editor.default\">\n\t\t\t\t<div class=\"elementor-widget-container\">\n\t\t\t\t\t\t\t\t\t<p>For padelcentre, klubber og akademier tilbyder vi en service, der inkluderer en boldmaskine. Private personer kan k\u00f8be boldmaskinen. Som tr\u00e6ner kan du v\u00e6lge mellem at k\u00f8be maskinen eller k\u00f8be servicen.<\/p>\t\t\t\t\t\t\t\t<\/div>\n\t\t\t\t<\/div>\n\t\t\t\t<div class=\"elementor-element elementor-element-1327023 elementor-tabs-alignment-stretch elementor-tabs-view-horizontal elementor-widget elementor-widget-tabs\" data-id=\"1327023\" data-element_type=\"widget\" data-widget_type=\"tabs.default\">\n\t\t\t\t<div class=\"elementor-widget-container\">\n\t\t\t\t\t\t\t<div class=\"elementor-tabs\">\n\t\t\t<div class=\"elementor-tabs-wrapper\" role=\"tablist\" >\n\t\t\t\t\t\t\t\t\t<div id=\"elementor-tab-title-2001\" class=\"elementor-tab-title elementor-tab-desktop-title\" aria-selected=\"true\" data-tab=\"1\" role=\"tab\" tabindex=\"0\" aria-controls=\"elementor-tab-content-2001\" aria-expanded=\"false\">For padelcentre<\/div>\n\t\t\t\t\t\t\t\t\t<div id=\"elementor-tab-title-2002\" class=\"elementor-tab-title elementor-tab-desktop-title\" aria-selected=\"false\" data-tab=\"2\" role=\"tab\" tabindex=\"-1\" aria-controls=\"elementor-tab-content-2002\" aria-expanded=\"false\">For privat brug*<\/div>\n\t\t\t\t\t\t\t<\/div>\n\t\t\t<div class=\"elementor-tabs-content-wrapper\" role=\"tablist\" aria-orientation=\"vertical\">\n\t\t\t\t\t\t\t\t\t<div class=\"elementor-tab-title elementor-tab-mobile-title\" aria-selected=\"true\" data-tab=\"1\" role=\"tab\" tabindex=\"0\" aria-controls=\"elementor-tab-content-2001\" aria-expanded=\"false\">For padelcentre<\/div>\n\t\t\t\t\t<div id=\"elementor-tab-content-2001\" class=\"elementor-tab-content elementor-clearfix\" data-tab=\"1\" role=\"tabpanel\" aria-labelledby=\"elementor-tab-title-2001\" tabindex=\"0\" hidden=\"false\"><h3><span style=\"color: #ffffff;\"><strong>Pris: 270 \u2013 350 euro\/m\u00e5ned*<\/strong><\/span><\/h3><p><img decoding=\"async\" class=\"alignnone  wp-image-188\" src=\"https:\/\/padelmaster.io\/en\/wp-content\/uploads\/check-6.png\" alt=\"\" width=\"14\" height=\"14\" \/> Tilfredshedsgaranti<br \/><img decoding=\"async\" class=\"alignnone  wp-image-188\" src=\"https:\/\/padelmaster.io\/en\/wp-content\/uploads\/check-6.png\" alt=\"\" width=\"14\" height=\"14\" \/> Support 24\/7 (kunder, tr\u00e6nere, personale og ejere kan ringe til os 24\/7)<br \/><img decoding=\"async\" class=\"alignnone  wp-image-188\" src=\"https:\/\/padelmaster.io\/en\/wp-content\/uploads\/check-6.png\" alt=\"\" width=\"14\" height=\"14\" \/> Service (ny maskine inden for 1-3 dage, hvis maskinen g\u00e5r i stykker)<br \/><img decoding=\"async\" class=\"alignnone  wp-image-188\" src=\"https:\/\/padelmaster.io\/en\/wp-content\/uploads\/check-6.png\" alt=\"\" width=\"14\" height=\"14\" \/> Onboarding<br \/><img decoding=\"async\" class=\"alignnone  wp-image-188\" src=\"https:\/\/padelmaster.io\/en\/wp-content\/uploads\/check-6.png\" alt=\"\" width=\"14\" height=\"14\" \/> L\u00f8bende uddannelse og anbefaling i opbygning af kundebase<br \/><img decoding=\"async\" class=\"alignnone  wp-image-188\" src=\"https:\/\/padelmaster.io\/en\/wp-content\/uploads\/check-6.png\" alt=\"\" width=\"14\" height=\"14\" \/> Forsikring i tilf\u00e6lde af personskade\u00a0 <br \/><br \/>*\u00a0prisen er baseret p\u00e5 geografisk omr\u00e5de<\/p><\/div>\n\t\t\t\t\t\t\t\t\t<div class=\"elementor-tab-title elementor-tab-mobile-title\" aria-selected=\"false\" data-tab=\"2\" role=\"tab\" tabindex=\"-1\" aria-controls=\"elementor-tab-content-2002\" aria-expanded=\"false\">For privat brug*<\/div>\n\t\t\t\t\t<div id=\"elementor-tab-content-2002\" class=\"elementor-tab-content elementor-clearfix\" data-tab=\"2\" role=\"tabpanel\" aria-labelledby=\"elementor-tab-title-2002\" tabindex=\"0\" hidden=\"hidden\"><h3><span style=\"color: #ffffff;\"><strong>Pris: 5500 euro<\/strong><\/span><\/h3><p><img decoding=\"async\" src=\"https:\/\/padelmaster.io\/en\/wp-content\/uploads\/check-6.png\" alt=\"\" width=\"14\" height=\"14\" \/> 2 \u00e5rs maskingaranti<br \/><img decoding=\"async\" src=\"https:\/\/padelmaster.io\/en\/wp-content\/uploads\/check-6.png\" alt=\"\" width=\"14\" height=\"14\" \/> Support hverdage 09:00-16:00 (telefon eller e-mail) <br \/><br \/><\/p><p><em>*For private personer og tr\u00e6nere. Er du tr\u00e6ner og planl\u00e6gger at udleje maskinen, s\u00e5 er vores tilbud til padelcentre.<\/em><\/p><p>Padelmaster er en boldmaskine i premiumsegmentet. \u00d8nsker du en boldmaskine til en lavere pris? Kontakt os, og vi kan helt sikkert finde en god l\u00f8sning til dig<\/p><\/div>\n\t\t\t\t\t\t\t<\/div>\n\t\t<\/div>\n\t\t\t\t\t\t<\/div>\n\t\t\t\t<\/div>\n\t\t\t\t\t<\/div>\n\t\t<\/div>\n\t\t\t\t\t<\/div>\n\t\t<\/section>\n\t\t\t\t<\/div>\n\t\t","protected":false},"excerpt":{"rendered":"<p>K\u00f8be eller leje Padelmaster? Hvis du repr\u00e6senterer et padelcenter, en klub eller en akademi, anbefaler vi at leje (k\u00f8be vores service) Padelmaster. Hvis du kun skal bruge maskinen til privat brug, anbefaler vi, at du k\u00f8ber Padelmaster. Kontakt os for mere information K\u00f8be eller leje? Hvis du skal bruge Padelmaster til privat brug, anbefaler vi, [&hellip;]<\/p>\n","protected":false},"author":1,"featured_media":0,"parent":0,"menu_order":0,"comment_status":"closed","ping_status":"closed","template":"","meta":{"_acf_changed":false,"footnotes":""},"class_list":["post-179","page","type-page","status-publish","hentry"],"acf":[],"yoast_head":"<!-- This site is optimized with the Yoast SEO plugin v24.0 - https:\/\/yoast.com\/wordpress\/plugins\/seo\/ -->\n<title>Priser - Padelmaster Denmark<\/title>\n<meta name=\"robots\" content=\"noindex, follow, max-snippet:-1, max-image-preview:large, max-video-preview:-1\" \/>\n<meta property=\"og:locale\" content=\"da_DK\" \/>\n<meta property=\"og:type\" content=\"article\" \/>\n<meta property=\"og:title\" content=\"Priser - Padelmaster Denmark\" \/>\n<meta property=\"og:description\" content=\"K\u00f8be eller leje Padelmaster? Hvis du repr\u00e6senterer et padelcenter, en klub eller en akademi, anbefaler vi at leje (k\u00f8be vores service) Padelmaster. Hvis du kun skal bruge maskinen til privat brug, anbefaler vi, at du k\u00f8ber Padelmaster. Kontakt os for mere information K\u00f8be eller leje? Hvis du skal bruge Padelmaster til privat brug, anbefaler vi, [&hellip;]\" \/>\n<meta property=\"og:url\" content=\"https:\/\/padelmaster.io\/dk\/priser\/\" \/>\n<meta property=\"og:site_name\" content=\"Padelmaster Denmark\" \/>\n<meta property=\"article:modified_time\" content=\"2025-01-14T11:43:46+00:00\" \/>\n<meta property=\"og:image\" content=\"https:\/\/padelmaster.io\/dk\/wp-content\/uploads\/sites\/5\/padelmaster.webp\" \/>\n\t<meta property=\"og:image:width\" content=\"700\" \/>\n\t<meta property=\"og:image:height\" content=\"469\" \/>\n\t<meta property=\"og:image:type\" content=\"image\/webp\" \/>\n<meta name=\"twitter:card\" content=\"summary_large_image\" \/>\n<meta name=\"twitter:label1\" content=\"Est. reading time\" \/>\n\t<meta name=\"twitter:data1\" content=\"4 minutter\" \/>\n<script type=\"application\/ld+json\" class=\"yoast-schema-graph\">{\"@context\":\"https:\/\/schema.org\",\"@graph\":[{\"@type\":\"WebPage\",\"@id\":\"https:\/\/padelmaster.io\/dk\/priser\/\",\"url\":\"https:\/\/padelmaster.io\/dk\/priser\/\",\"name\":\"Priser - Padelmaster Denmark\",\"isPartOf\":{\"@id\":\"https:\/\/padelmaster.io\/dk\/#website\"},\"primaryImageOfPage\":{\"@id\":\"https:\/\/padelmaster.io\/dk\/priser\/#primaryimage\"},\"image\":{\"@id\":\"https:\/\/padelmaster.io\/dk\/priser\/#primaryimage\"},\"thumbnailUrl\":\"https:\/\/padelmaster.io\/dk\/wp-content\/uploads\/sites\/5\/padelmaster.webp\",\"datePublished\":\"2024-04-16T11:01:58+00:00\",\"dateModified\":\"2025-01-14T11:43:46+00:00\",\"breadcrumb\":{\"@id\":\"https:\/\/padelmaster.io\/dk\/priser\/#breadcrumb\"},\"inLanguage\":\"da-DK\",\"potentialAction\":[{\"@type\":\"ReadAction\",\"target\":[\"https:\/\/padelmaster.io\/dk\/priser\/\"]}]},{\"@type\":\"ImageObject\",\"inLanguage\":\"da-DK\",\"@id\":\"https:\/\/padelmaster.io\/dk\/priser\/#primaryimage\",\"url\":\"https:\/\/padelmaster.io\/dk\/wp-content\/uploads\/sites\/5\/padelmaster.webp\",\"contentUrl\":\"https:\/\/padelmaster.io\/dk\/wp-content\/uploads\/sites\/5\/padelmaster.webp\",\"width\":700,\"height\":469},{\"@type\":\"BreadcrumbList\",\"@id\":\"https:\/\/padelmaster.io\/dk\/priser\/#breadcrumb\",\"itemListElement\":[{\"@type\":\"ListItem\",\"position\":1,\"name\":\"Hem\",\"item\":\"https:\/\/padelmaster.io\/dk\/\"},{\"@type\":\"ListItem\",\"position\":2,\"name\":\"Priser\"}]},{\"@type\":\"WebSite\",\"@id\":\"https:\/\/padelmaster.io\/dk\/#website\",\"url\":\"https:\/\/padelmaster.io\/dk\/\",\"name\":\"Padelmaster Denmark\",\"description\":\"\",\"potentialAction\":[{\"@type\":\"SearchAction\",\"target\":{\"@type\":\"EntryPoint\",\"urlTemplate\":\"https:\/\/padelmaster.io\/dk\/?s={search_term_string}\"},\"query-input\":{\"@type\":\"PropertyValueSpecification\",\"valueRequired\":true,\"valueName\":\"search_term_string\"}}],\"inLanguage\":\"da-DK\"}]}<\/script>\n<!-- \/ Yoast SEO plugin. -->","yoast_head_json":{"title":"Priser - Padelmaster Denmark","robots":{"index":"noindex","follow":"follow","max-snippet":"max-snippet:-1","max-image-preview":"max-image-preview:large","max-video-preview":"max-video-preview:-1"},"og_locale":"da_DK","og_type":"article","og_title":"Priser - Padelmaster Denmark","og_description":"K\u00f8be eller leje Padelmaster? Hvis du repr\u00e6senterer et padelcenter, en klub eller en akademi, anbefaler vi at leje (k\u00f8be vores service) Padelmaster. Hvis du kun skal bruge maskinen til privat brug, anbefaler vi, at du k\u00f8ber Padelmaster. Kontakt os for mere information K\u00f8be eller leje? Hvis du skal bruge Padelmaster til privat brug, anbefaler vi, [&hellip;]","og_url":"https:\/\/padelmaster.io\/dk\/priser\/","og_site_name":"Padelmaster Denmark","article_modified_time":"2025-01-14T11:43:46+00:00","og_image":[{"width":700,"height":469,"url":"https:\/\/padelmaster.io\/dk\/wp-content\/uploads\/sites\/5\/padelmaster.webp","type":"image\/webp"}],"twitter_card":"summary_large_image","twitter_misc":{"Est. reading time":"4 minutter"},"schema":{"@context":"https:\/\/schema.org","@graph":[{"@type":"WebPage","@id":"https:\/\/padelmaster.io\/dk\/priser\/","url":"https:\/\/padelmaster.io\/dk\/priser\/","name":"Priser - Padelmaster Denmark","isPartOf":{"@id":"https:\/\/padelmaster.io\/dk\/#website"},"primaryImageOfPage":{"@id":"https:\/\/padelmaster.io\/dk\/priser\/#primaryimage"},"image":{"@id":"https:\/\/padelmaster.io\/dk\/priser\/#primaryimage"},"thumbnailUrl":"https:\/\/padelmaster.io\/dk\/wp-content\/uploads\/sites\/5\/padelmaster.webp","datePublished":"2024-04-16T11:01:58+00:00","dateModified":"2025-01-14T11:43:46+00:00","breadcrumb":{"@id":"https:\/\/padelmaster.io\/dk\/priser\/#breadcrumb"},"inLanguage":"da-DK","potentialAction":[{"@type":"ReadAction","target":["https:\/\/padelmaster.io\/dk\/priser\/"]}]},{"@type":"ImageObject","inLanguage":"da-DK","@id":"https:\/\/padelmaster.io\/dk\/priser\/#primaryimage","url":"https:\/\/padelmaster.io\/dk\/wp-content\/uploads\/sites\/5\/padelmaster.webp","contentUrl":"https:\/\/padelmaster.io\/dk\/wp-content\/uploads\/sites\/5\/padelmaster.webp","width":700,"height":469},{"@type":"BreadcrumbList","@id":"https:\/\/padelmaster.io\/dk\/priser\/#breadcrumb","itemListElement":[{"@type":"ListItem","position":1,"name":"Hem","item":"https:\/\/padelmaster.io\/dk\/"},{"@type":"ListItem","position":2,"name":"Priser"}]},{"@type":"WebSite","@id":"https:\/\/padelmaster.io\/dk\/#website","url":"https:\/\/padelmaster.io\/dk\/","name":"Padelmaster Denmark","description":"","potentialAction":[{"@type":"SearchAction","target":{"@type":"EntryPoint","urlTemplate":"https:\/\/padelmaster.io\/dk\/?s={search_term_string}"},"query-input":{"@type":"PropertyValueSpecification","valueRequired":true,"valueName":"search_term_string"}}],"inLanguage":"da-DK"}]}},"_links":{"self":[{"href":"https:\/\/padelmaster.io\/dk\/wp-json\/wp\/v2\/pages\/179","targetHints":{"allow":["GET"]}}],"collection":[{"href":"https:\/\/padelmaster.io\/dk\/wp-json\/wp\/v2\/pages"}],"about":[{"href":"https:\/\/padelmaster.io\/dk\/wp-json\/wp\/v2\/types\/page"}],"author":[{"embeddable":true,"href":"https:\/\/padelmaster.io\/dk\/wp-json\/wp\/v2\/users\/1"}],"replies":[{"embeddable":true,"href":"https:\/\/padelmaster.io\/dk\/wp-json\/wp\/v2\/comments?post=179"}],"version-history":[{"count":0,"href":"https:\/\/padelmaster.io\/dk\/wp-json\/wp\/v2\/pages\/179\/revisions"}],"wp:attachment":[{"href":"https:\/\/padelmaster.io\/dk\/wp-json\/wp\/v2\/media?parent=179"}],"curies":[{"name":"wp","href":"https:\/\/api.w.org\/{rel}","templated":true}]}}